{"id":1232,"date":"2021-06-11T13:20:40","date_gmt":"2021-06-11T13:20:40","guid":{"rendered":"http:\/\/localhost\/sams\/?page_id=1232"},"modified":"2022-05-19T13:20:57","modified_gmt":"2022-05-19T12:20:57","slug":"cookies-policy","status":"publish","type":"page","link":"https:\/\/samscaixilharia.com\/en\/cookies-policy\/","title":{"rendered":"Cookies Policy"},"content":{"rendered":"\n<h3 class=\"wp-block-heading\">What are cookies and what are they for?<\/h3>\n\n\n\n<p>A &#8220;cookie&#8221; is a small file on your computer or mobile device that can store information about your visit to our website and that allows you to retrieve information about your browsing habits. For example, cookies help us to recognize you as a previous visitor to the site, allowing us to improve our site in line with your preferences. For this reason, it does not retain your personal data and cannot identify a person.<\/p>\n\n\n\n<p>Some cookies are essential to allow navigation on the site and the use of its applications. Others \u2013 analytical cookies \u2013 help us to improve the content and usability of the website.<\/p>\n\n\n\n<h3 class=\"wp-block-heading\">What type of cookies does SAM&#8217;S use?<\/h3>\n\n\n\n<p>SAM&#8217;S uses session cookies, which are temporary cookies that remain in the browser&#8217;s cookie files until you leave the website, so there is no record on the user&#8217;s device. The information obtained by these cookies is used to analyze web traffic patterns, allowing us to identify problems and provide a better browsing experience.<\/p>\n\n\n\n<p>It also uses persistent cookies, which are cookies that remain on your device for a certain period of time. They are generally used to direct navigation to the user&#8217;s interests, allowing us to provide a more personalized service.<\/p>\n\n\n\n<h3 class=\"wp-block-heading\">What are the cookies used by SAM&#8217;S?<\/h3>\n\n\n\n<figure class=\"wp-block-table\"><table><thead><tr><th>Name<\/th><th>Goal<\/th><th>Retention<\/th><\/tr><\/thead><tbody><tr><td>qtrans_front_language<\/td><td>To enter the site and it presents the language previously chosen.<\/td><td>1 year<\/td><\/tr><tr><td>_gat<\/td><td>Control Google Analytics order rate.<\/td><td>1 minute<\/td><\/tr><\/tbody><\/table><\/figure>\n\n\n\n<h3 class=\"wp-block-heading\">How to delete cookies through the Browser?<\/h3>\n\n\n\n<p>If you want to block or delete cookies on this site, you can do so by modifying your browser settings. Although the parameterization of each one is different, it is common to configure it in the \u201cPreferences\u201d or \u201cTools\u201d menu.<\/p>\n\n\n\n<p>For more details on configuring cookies, consult your browser&#8217;s &#8220;Help&#8221; menu.<\/p>\n","protected":false},"excerpt":{"rendered":"<p>What are cookies and what are they for? A &#8220;cookie&#8221; is a small file on your computer or mobile device&#8230;<\/p>\n","protected":false},"author":2,"featured_media":630,"parent":0,"menu_order":0,"comment_status":"closed","ping_status":"closed","template":"","meta":{"footnotes":""},"class_list":["page","type-page","has-post-thumbnail"],"acf":[],"yoast_head":"<!-- This site is optimized with the Yoast SEO plugin v19.14 - https:\/\/yoast.com\/wordpress\/plugins\/seo\/ -->\n<title>Cookies Policy | SAM&#039;S<\/title>\n<meta name=\"description\" content=\"Cookie Policy - Helps Recognise Previous Visitors to the Site, Allowing Us to Improve the Site According to Your Preferences.\" \/>\n<meta name=\"robots\" content=\"index, follow, max-snippet:-1, max-image-preview:large, max-video-preview:-1\" \/>\n<link rel=\"canonical\" href=\"https:\/\/samscaixilharia.com\/en\/cookies-policy\/\" \/>\n<meta property=\"og:locale\" content=\"en_US\" \/>\n<meta property=\"og:type\" content=\"article\" \/>\n<meta property=\"og:title\" content=\"Cookies Policy | SAM&#039;S\" \/>\n<meta property=\"og:description\" content=\"Cookie Policy - Helps Recognise Previous Visitors to the Site, Allowing Us to Improve the Site According to Your Preferences.\" \/>\n<meta property=\"og:url\" content=\"https:\/\/samscaixilharia.com\/en\/cookies-policy\/\" \/>\n<meta property=\"og:site_name\" content=\"SAM&#039;S\" \/>\n<meta property=\"article:publisher\" content=\"https:\/\/www.facebook.com\/SAMS.LDA\" \/>\n<meta property=\"article:modified_time\" content=\"2022-05-19T12:20:57+00:00\" \/>\n<meta property=\"og:image\" content=\"https:\/\/samscaixilharia.com\/wp-content\/uploads\/politica-cookies-banner.jpg\" \/>\n\t<meta property=\"og:image:width\" content=\"1280\" \/>\n\t<meta property=\"og:image:height\" content=\"720\" \/>\n\t<meta property=\"og:image:type\" content=\"image\/jpeg\" \/>\n<meta name=\"twitter:card\" content=\"summary_large_image\" \/>\n<meta name=\"twitter:label1\" content=\"Est. reading time\" \/>\n\t<meta name=\"twitter:data1\" content=\"2 minutes\" \/>\n<script type=\"application\/ld+json\" class=\"yoast-schema-graph\">{\"@context\":\"https:\/\/schema.org\",\"@graph\":[{\"@type\":\"WebPage\",\"@id\":\"https:\/\/samscaixilharia.com\/en\/cookies-policy\/\",\"url\":\"https:\/\/samscaixilharia.com\/en\/cookies-policy\/\",\"name\":\"Cookies Policy | SAM&#039;S\",\"isPartOf\":{\"@id\":\"https:\/\/samscaixilharia.com\/en\/#website\"},\"datePublished\":\"2021-06-11T13:20:40+00:00\",\"dateModified\":\"2022-05-19T12:20:57+00:00\",\"description\":\"Cookie Policy - Helps Recognise Previous Visitors to the Site, Allowing Us to Improve the Site According to Your Preferences.\",\"breadcrumb\":{\"@id\":\"https:\/\/samscaixilharia.com\/en\/cookies-policy\/#breadcrumb\"},\"inLanguage\":\"en-US\",\"potentialAction\":[{\"@type\":\"ReadAction\",\"target\":[\"https:\/\/samscaixilharia.com\/en\/cookies-policy\/\"]}]},{\"@type\":\"BreadcrumbList\",\"@id\":\"https:\/\/samscaixilharia.com\/en\/cookies-policy\/#breadcrumb\",\"itemListElement\":[{\"@type\":\"ListItem\",\"position\":1,\"name\":\"In\u00edcio\",\"item\":\"https:\/\/samscaixilharia.com\/en\/home-page\/\"},{\"@type\":\"ListItem\",\"position\":2,\"name\":\"Cookies Policy\"}]},{\"@type\":\"WebSite\",\"@id\":\"https:\/\/samscaixilharia.com\/en\/#website\",\"url\":\"https:\/\/samscaixilharia.com\/en\/\",\"name\":\"SAM&#039;S\",\"description\":\"Solu\u00e7\u00f5es em Alum\u00ednio e PVC\",\"publisher\":{\"@id\":\"https:\/\/samscaixilharia.com\/en\/#organization\"},\"potentialAction\":[{\"@type\":\"SearchAction\",\"target\":{\"@type\":\"EntryPoint\",\"urlTemplate\":\"https:\/\/samscaixilharia.com\/en\/?s={search_term_string}\"},\"query-input\":\"required name=search_term_string\"}],\"inLanguage\":\"en-US\"},{\"@type\":\"Organization\",\"@id\":\"https:\/\/samscaixilharia.com\/en\/#organization\",\"name\":\"SAM'S\",\"url\":\"https:\/\/samscaixilharia.com\/en\/\",\"logo\":{\"@type\":\"ImageObject\",\"inLanguage\":\"en-US\",\"@id\":\"https:\/\/samscaixilharia.com\/en\/#\/schema\/logo\/image\/\",\"url\":\"https:\/\/samscaixilharia.com\/wp-content\/uploads\/logo-sams-cor.png\",\"contentUrl\":\"https:\/\/samscaixilharia.com\/wp-content\/uploads\/logo-sams-cor.png\",\"width\":435,\"height\":191,\"caption\":\"SAM'S\"},\"image\":{\"@id\":\"https:\/\/samscaixilharia.com\/en\/#\/schema\/logo\/image\/\"},\"sameAs\":[\"https:\/\/www.instagram.com\/sams.aluminio.pvc\/\",\"https:\/\/pt.linkedin.com\/company\/caixilhariasamsaluminioepvc\",\"https:\/\/www.facebook.com\/SAMS.LDA\"]}]}<\/script>\n<!-- \/ Yoast SEO plugin. -->","yoast_head_json":{"title":"Cookies Policy | SAM&#039;S","description":"Cookie Policy - Helps Recognise Previous Visitors to the Site, Allowing Us to Improve the Site According to Your Preferences.","robots":{"index":"index","follow":"follow","max-snippet":"max-snippet:-1","max-image-preview":"max-image-preview:large","max-video-preview":"max-video-preview:-1"},"canonical":"https:\/\/samscaixilharia.com\/en\/cookies-policy\/","og_locale":"en_US","og_type":"article","og_title":"Cookies Policy | SAM&#039;S","og_description":"Cookie Policy - Helps Recognise Previous Visitors to the Site, Allowing Us to Improve the Site According to Your Preferences.","og_url":"https:\/\/samscaixilharia.com\/en\/cookies-policy\/","og_site_name":"SAM&#039;S","article_publisher":"https:\/\/www.facebook.com\/SAMS.LDA","article_modified_time":"2022-05-19T12:20:57+00:00","og_image":[{"width":1280,"height":720,"url":"https:\/\/samscaixilharia.com\/wp-content\/uploads\/politica-cookies-banner.jpg","type":"image\/jpeg"}],"twitter_card":"summary_large_image","twitter_misc":{"Est. reading time":"2 minutes"},"schema":{"@context":"https:\/\/schema.org","@graph":[{"@type":"WebPage","@id":"https:\/\/samscaixilharia.com\/en\/cookies-policy\/","url":"https:\/\/samscaixilharia.com\/en\/cookies-policy\/","name":"Cookies Policy | SAM&#039;S","isPartOf":{"@id":"https:\/\/samscaixilharia.com\/en\/#website"},"datePublished":"2021-06-11T13:20:40+00:00","dateModified":"2022-05-19T12:20:57+00:00","description":"Cookie Policy - Helps Recognise Previous Visitors to the Site, Allowing Us to Improve the Site According to Your Preferences.","breadcrumb":{"@id":"https:\/\/samscaixilharia.com\/en\/cookies-policy\/#breadcrumb"},"inLanguage":"en-US","potentialAction":[{"@type":"ReadAction","target":["https:\/\/samscaixilharia.com\/en\/cookies-policy\/"]}]},{"@type":"BreadcrumbList","@id":"https:\/\/samscaixilharia.com\/en\/cookies-policy\/#breadcrumb","itemListElement":[{"@type":"ListItem","position":1,"name":"In\u00edcio","item":"https:\/\/samscaixilharia.com\/en\/home-page\/"},{"@type":"ListItem","position":2,"name":"Cookies Policy"}]},{"@type":"WebSite","@id":"https:\/\/samscaixilharia.com\/en\/#website","url":"https:\/\/samscaixilharia.com\/en\/","name":"SAM&#039;S","description":"Solu\u00e7\u00f5es em Alum\u00ednio e PVC","publisher":{"@id":"https:\/\/samscaixilharia.com\/en\/#organization"},"potentialAction":[{"@type":"SearchAction","target":{"@type":"EntryPoint","urlTemplate":"https:\/\/samscaixilharia.com\/en\/?s={search_term_string}"},"query-input":"required name=search_term_string"}],"inLanguage":"en-US"},{"@type":"Organization","@id":"https:\/\/samscaixilharia.com\/en\/#organization","name":"SAM'S","url":"https:\/\/samscaixilharia.com\/en\/","logo":{"@type":"ImageObject","inLanguage":"en-US","@id":"https:\/\/samscaixilharia.com\/en\/#\/schema\/logo\/image\/","url":"https:\/\/samscaixilharia.com\/wp-content\/uploads\/logo-sams-cor.png","contentUrl":"https:\/\/samscaixilharia.com\/wp-content\/uploads\/logo-sams-cor.png","width":435,"height":191,"caption":"SAM'S"},"image":{"@id":"https:\/\/samscaixilharia.com\/en\/#\/schema\/logo\/image\/"},"sameAs":["https:\/\/www.instagram.com\/sams.aluminio.pvc\/","https:\/\/pt.linkedin.com\/company\/caixilhariasamsaluminioepvc","https:\/\/www.facebook.com\/SAMS.LDA"]}]}},"_links":{"self":[{"href":"https:\/\/samscaixilharia.com\/en\/wp-json\/wp\/v2\/pages\/1232","targetHints":{"allow":["GET"]}}],"collection":[{"href":"https:\/\/samscaixilharia.com\/en\/wp-json\/wp\/v2\/pages"}],"about":[{"href":"https:\/\/samscaixilharia.com\/en\/wp-json\/wp\/v2\/types\/page"}],"author":[{"embeddable":true,"href":"https:\/\/samscaixilharia.com\/en\/wp-json\/wp\/v2\/users\/2"}],"replies":[{"embeddable":true,"href":"https:\/\/samscaixilharia.com\/en\/wp-json\/wp\/v2\/comments?post=1232"}],"version-history":[{"count":2,"href":"https:\/\/samscaixilharia.com\/en\/wp-json\/wp\/v2\/pages\/1232\/revisions"}],"predecessor-version":[{"id":2432,"href":"https:\/\/samscaixilharia.com\/en\/wp-json\/wp\/v2\/pages\/1232\/revisions\/2432"}],"wp:featuredmedia":[{"embeddable":true,"href":"https:\/\/samscaixilharia.com\/en\/wp-json\/wp\/v2\/media\/630"}],"wp:attachment":[{"href":"https:\/\/samscaixilharia.com\/en\/wp-json\/wp\/v2\/media?parent=1232"}],"curies":[{"name":"wp","href":"https:\/\/api.w.org\/{rel}","templated":true}]}}