{"id":1248,"date":"2021-06-11T13:43:04","date_gmt":"2021-06-11T13:43:04","guid":{"rendered":"http:\/\/localhost\/sams\/?page_id=1248"},"modified":"2023-04-14T14:50:09","modified_gmt":"2023-04-14T13:50:09","slug":"about-us-sams","status":"publish","type":"page","link":"https:\/\/samscaixilharia.com\/en\/about-us-sams\/","title":{"rendered":"About Us"},"content":{"rendered":"","protected":false},"excerpt":{"rendered":"","protected":false},"author":2,"featured_media":2255,"parent":0,"menu_order":0,"comment_status":"closed","ping_status":"closed","template":"tpl-about.php","meta":{"footnotes":""},"class_list":["page","type-page","has-post-thumbnail"],"acf":[],"yoast_head":"<!-- This site is optimized with the Yoast SEO plugin v19.14 - https:\/\/yoast.com\/wordpress\/plugins\/seo\/ -->\n<title>SAM&#039;S | About Us<\/title>\n<meta name=\"description\" content=\"SAM&#039;S Has Been Involved In The Commercialisation, Budgeting, Transformation And Installation Of Framing And Fa\u00e7ade Systems Since 1998.\" \/>\n<meta name=\"robots\" content=\"index, follow, max-snippet:-1, max-image-preview:large, max-video-preview:-1\" \/>\n<link rel=\"canonical\" href=\"https:\/\/samscaixilharia.com\/en\/about-us-sams\/\" \/>\n<meta property=\"og:locale\" content=\"en_US\" \/>\n<meta property=\"og:type\" content=\"article\" \/>\n<meta property=\"og:title\" content=\"SAM&#039;S | About Us\" \/>\n<meta property=\"og:description\" content=\"SAM&#039;S Has Been Involved In The Commercialisation, Budgeting, Transformation And Installation Of Framing And Fa\u00e7ade Systems Since 1998.\" \/>\n<meta property=\"og:url\" content=\"https:\/\/samscaixilharia.com\/en\/about-us-sams\/\" \/>\n<meta property=\"og:site_name\" content=\"SAM&#039;S\" \/>\n<meta property=\"article:publisher\" content=\"https:\/\/www.facebook.com\/SAMS.LDA\" \/>\n<meta property=\"article:modified_time\" content=\"2023-04-14T13:50:09+00:00\" \/>\n<meta property=\"og:image\" content=\"https:\/\/samscaixilharia.com\/wp-content\/uploads\/sobre-a-sams-e-equipa-min.jpg\" \/>\n\t<meta property=\"og:image:width\" content=\"1280\" \/>\n\t<meta property=\"og:image:height\" content=\"720\" \/>\n\t<meta property=\"og:image:type\" content=\"image\/jpeg\" \/>\n<meta name=\"twitter:card\" content=\"summary_large_image\" \/>\n<script type=\"application\/ld+json\" class=\"yoast-schema-graph\">{\"@context\":\"https:\/\/schema.org\",\"@graph\":[{\"@type\":\"WebPage\",\"@id\":\"https:\/\/samscaixilharia.com\/en\/about-us-sams\/\",\"url\":\"https:\/\/samscaixilharia.com\/en\/about-us-sams\/\",\"name\":\"SAM'S | About Us\",\"isPartOf\":{\"@id\":\"https:\/\/samscaixilharia.com\/en\/#website\"},\"datePublished\":\"2021-06-11T13:43:04+00:00\",\"dateModified\":\"2023-04-14T13:50:09+00:00\",\"description\":\"SAM'S Has Been Involved In The Commercialisation, Budgeting, Transformation And Installation Of Framing And Fa\u00e7ade Systems Since 1998.\",\"breadcrumb\":{\"@id\":\"https:\/\/samscaixilharia.com\/en\/about-us-sams\/#breadcrumb\"},\"inLanguage\":\"en-US\",\"potentialAction\":[{\"@type\":\"ReadAction\",\"target\":[\"https:\/\/samscaixilharia.com\/en\/about-us-sams\/\"]}]},{\"@type\":\"BreadcrumbList\",\"@id\":\"https:\/\/samscaixilharia.com\/en\/about-us-sams\/#breadcrumb\",\"itemListElement\":[{\"@type\":\"ListItem\",\"position\":1,\"name\":\"In\u00edcio\",\"item\":\"https:\/\/samscaixilharia.com\/en\/home-page\/\"},{\"@type\":\"ListItem\",\"position\":2,\"name\":\"About Us\"}]},{\"@type\":\"WebSite\",\"@id\":\"https:\/\/samscaixilharia.com\/en\/#website\",\"url\":\"https:\/\/samscaixilharia.com\/en\/\",\"name\":\"SAM&#039;S\",\"description\":\"Solu\u00e7\u00f5es em Alum\u00ednio e PVC\",\"publisher\":{\"@id\":\"https:\/\/samscaixilharia.com\/en\/#organization\"},\"potentialAction\":[{\"@type\":\"SearchAction\",\"target\":{\"@type\":\"EntryPoint\",\"urlTemplate\":\"https:\/\/samscaixilharia.com\/en\/?s={search_term_string}\"},\"query-input\":\"required name=search_term_string\"}],\"inLanguage\":\"en-US\"},{\"@type\":\"Organization\",\"@id\":\"https:\/\/samscaixilharia.com\/en\/#organization\",\"name\":\"SAM'S\",\"url\":\"https:\/\/samscaixilharia.com\/en\/\",\"logo\":{\"@type\":\"ImageObject\",\"inLanguage\":\"en-US\",\"@id\":\"https:\/\/samscaixilharia.com\/en\/#\/schema\/logo\/image\/\",\"url\":\"https:\/\/samscaixilharia.com\/wp-content\/uploads\/logo-sams-cor.png\",\"contentUrl\":\"https:\/\/samscaixilharia.com\/wp-content\/uploads\/logo-sams-cor.png\",\"width\":435,\"height\":191,\"caption\":\"SAM'S\"},\"image\":{\"@id\":\"https:\/\/samscaixilharia.com\/en\/#\/schema\/logo\/image\/\"},\"sameAs\":[\"https:\/\/www.instagram.com\/sams.aluminio.pvc\/\",\"https:\/\/pt.linkedin.com\/company\/caixilhariasamsaluminioepvc\",\"https:\/\/www.facebook.com\/SAMS.LDA\"]}]}<\/script>\n<!-- \/ Yoast SEO plugin. -->","yoast_head_json":{"title":"SAM'S | About Us","description":"SAM'S Has Been Involved In The Commercialisation, Budgeting, Transformation And Installation Of Framing And Fa\u00e7ade Systems Since 1998.","robots":{"index":"index","follow":"follow","max-snippet":"max-snippet:-1","max-image-preview":"max-image-preview:large","max-video-preview":"max-video-preview:-1"},"canonical":"https:\/\/samscaixilharia.com\/en\/about-us-sams\/","og_locale":"en_US","og_type":"article","og_title":"SAM'S | About Us","og_description":"SAM'S Has Been Involved In The Commercialisation, Budgeting, Transformation And Installation Of Framing And Fa\u00e7ade Systems Since 1998.","og_url":"https:\/\/samscaixilharia.com\/en\/about-us-sams\/","og_site_name":"SAM&#039;S","article_publisher":"https:\/\/www.facebook.com\/SAMS.LDA","article_modified_time":"2023-04-14T13:50:09+00:00","og_image":[{"width":1280,"height":720,"url":"https:\/\/samscaixilharia.com\/wp-content\/uploads\/sobre-a-sams-e-equipa-min.jpg","type":"image\/jpeg"}],"twitter_card":"summary_large_image","schema":{"@context":"https:\/\/schema.org","@graph":[{"@type":"WebPage","@id":"https:\/\/samscaixilharia.com\/en\/about-us-sams\/","url":"https:\/\/samscaixilharia.com\/en\/about-us-sams\/","name":"SAM'S | About Us","isPartOf":{"@id":"https:\/\/samscaixilharia.com\/en\/#website"},"datePublished":"2021-06-11T13:43:04+00:00","dateModified":"2023-04-14T13:50:09+00:00","description":"SAM'S Has Been Involved In The Commercialisation, Budgeting, Transformation And Installation Of Framing And Fa\u00e7ade Systems Since 1998.","breadcrumb":{"@id":"https:\/\/samscaixilharia.com\/en\/about-us-sams\/#breadcrumb"},"inLanguage":"en-US","potentialAction":[{"@type":"ReadAction","target":["https:\/\/samscaixilharia.com\/en\/about-us-sams\/"]}]},{"@type":"BreadcrumbList","@id":"https:\/\/samscaixilharia.com\/en\/about-us-sams\/#breadcrumb","itemListElement":[{"@type":"ListItem","position":1,"name":"In\u00edcio","item":"https:\/\/samscaixilharia.com\/en\/home-page\/"},{"@type":"ListItem","position":2,"name":"About Us"}]},{"@type":"WebSite","@id":"https:\/\/samscaixilharia.com\/en\/#website","url":"https:\/\/samscaixilharia.com\/en\/","name":"SAM&#039;S","description":"Solu\u00e7\u00f5es em Alum\u00ednio e PVC","publisher":{"@id":"https:\/\/samscaixilharia.com\/en\/#organization"},"potentialAction":[{"@type":"SearchAction","target":{"@type":"EntryPoint","urlTemplate":"https:\/\/samscaixilharia.com\/en\/?s={search_term_string}"},"query-input":"required name=search_term_string"}],"inLanguage":"en-US"},{"@type":"Organization","@id":"https:\/\/samscaixilharia.com\/en\/#organization","name":"SAM'S","url":"https:\/\/samscaixilharia.com\/en\/","logo":{"@type":"ImageObject","inLanguage":"en-US","@id":"https:\/\/samscaixilharia.com\/en\/#\/schema\/logo\/image\/","url":"https:\/\/samscaixilharia.com\/wp-content\/uploads\/logo-sams-cor.png","contentUrl":"https:\/\/samscaixilharia.com\/wp-content\/uploads\/logo-sams-cor.png","width":435,"height":191,"caption":"SAM'S"},"image":{"@id":"https:\/\/samscaixilharia.com\/en\/#\/schema\/logo\/image\/"},"sameAs":["https:\/\/www.instagram.com\/sams.aluminio.pvc\/","https:\/\/pt.linkedin.com\/company\/caixilhariasamsaluminioepvc","https:\/\/www.facebook.com\/SAMS.LDA"]}]}},"_links":{"self":[{"href":"https:\/\/samscaixilharia.com\/en\/wp-json\/wp\/v2\/pages\/1248","targetHints":{"allow":["GET"]}}],"collection":[{"href":"https:\/\/samscaixilharia.com\/en\/wp-json\/wp\/v2\/pages"}],"about":[{"href":"https:\/\/samscaixilharia.com\/en\/wp-json\/wp\/v2\/types\/page"}],"author":[{"embeddable":true,"href":"https:\/\/samscaixilharia.com\/en\/wp-json\/wp\/v2\/users\/2"}],"replies":[{"embeddable":true,"href":"https:\/\/samscaixilharia.com\/en\/wp-json\/wp\/v2\/comments?post=1248"}],"version-history":[{"count":3,"href":"https:\/\/samscaixilharia.com\/en\/wp-json\/wp\/v2\/pages\/1248\/revisions"}],"predecessor-version":[{"id":2463,"href":"https:\/\/samscaixilharia.com\/en\/wp-json\/wp\/v2\/pages\/1248\/revisions\/2463"}],"wp:featuredmedia":[{"embeddable":true,"href":"https:\/\/samscaixilharia.com\/en\/wp-json\/wp\/v2\/media\/2255"}],"wp:attachment":[{"href":"https:\/\/samscaixilharia.com\/en\/wp-json\/wp\/v2\/media?parent=1248"}],"curies":[{"name":"wp","href":"https:\/\/api.w.org\/{rel}","templated":true}]}}